{"id":687,"date":"2022-11-23T16:20:58","date_gmt":"2022-11-23T13:20:58","guid":{"rendered":"https:\/\/motorentcorfu.com\/terms-conditions\/"},"modified":"2026-01-12T14:03:15","modified_gmt":"2026-01-12T11:03:15","slug":"termini-e-condizioni","status":"publish","type":"page","link":"https:\/\/motorentcorfu.com\/it\/termini-e-condizioni\/","title":{"rendered":"Termini e condizioni"},"content":{"rendered":"<h3>1. Requisiti di et\u00e0 e limitazioni<\/h3>\n<p><strong>Requisiti di et\u00e0 e limitazioni:<\/strong><\/p>\n<p>I conducenti di et\u00e0 compresa tra 18 e 21 anni possono noleggiare un veicolo di Categoria A presso Moto Rent Corfu pagando il Supplemento Giovane Conducente (YDS).<br \/>\nPer tutte le altre categorie, l\u2019et\u00e0 minima per il noleggio \u00e8 22 anni.<\/p>\n<p>Per i conducenti sotto i 22 anni \u00e8 previsto un supplemento di 5 \u20ac al giorno.<br \/>\nNon sono previste restrizioni o supplementi per conducenti di et\u00e0 compresa tra 22 e 70 anni.<br \/>\nL\u2019et\u00e0 massima per il noleggio di uno scooter \u00e8 70 anni.<\/p>\n<p><strong>YDS \u2013 Giovane Conducente (18\u201321 anni):<\/strong><\/p>\n<p><strong>Categorie disponibili<\/strong>: solo <strong data-start=\"641\" data-end=\"663\">Categoria A (50cc)<\/strong><br \/>\n<strong>Supplemento:<\/strong> 5 \u20ac al giorno inclusi nel prezzo finale<br \/>\n<strong>Deposito:<\/strong> viene bloccato un importo di <strong data-start=\"772\" data-end=\"781\">300 \u20ac<\/strong>, rimborsabile alla restituzione del veicolo se non vi sono danni<br \/>\n<strong data-start=\"851\" data-end=\"869\">Assicurazione:<\/strong> \u00e8 disponibile solo l\u2019<strong data-start=\"891\" data-end=\"913\">Assicurazione Base<\/strong><br \/>\n<strong>Assicurazione: <\/strong>il conducente deve essere in possesso della patente da almeno 2 anni prima della data di ritiro<\/p>\n<p>\u00c8 richiesto un livello adeguato di esperienza nella guida di scooter\/motocicli. Qualora, al momento della consegna, il nostro personale ritenga che il conducente non abbia sufficiente esperienza, si riserva il diritto di interrompere il noleggio, per motivi di sicurezza.<\/p>\n<h3>2. Requisiti della patente di guida<\/h3>\n<ul>\n<li data-start=\"1355\" data-end=\"1436\">\n<p data-start=\"1357\" data-end=\"1436\"><strong data-start=\"1357\" data-end=\"1388\">Scooter 50cc (ciclomotore):<\/strong> patente <strong data-start=\"1397\" data-end=\"1409\">B (auto)<\/strong> o patente europea <strong data-start=\"1428\" data-end=\"1434\">AM<\/strong><\/p>\n<\/li>\n<li data-start=\"1437\" data-end=\"1502\">\n<p data-start=\"1439\" data-end=\"1502\"><strong>Scooter 125cc:<\/strong> patente motociclistica A1, A o A2 (UE)<\/p>\n<\/li>\n<li data-start=\"1503\" data-end=\"1564\">\n<p data-start=\"1505\" data-end=\"1564\"><strong data-start=\"1505\" data-end=\"1523\">Scooter 300cc:<\/strong> patente motociclistica <strong data-start=\"1547\" data-end=\"1562\">A o A2 (UE)<\/strong><\/p>\n<\/li>\n<li data-start=\"1503\" data-end=\"1564\">\n<p data-start=\"1505\" data-end=\"1564\"><strong data-start=\"1567\" data-end=\"1593\">Motocicli oltre 300cc:<\/strong> patente motociclistica <strong data-start=\"1617\" data-end=\"1628\">A2 (UE)<\/strong><\/p>\n<\/li>\n<\/ul>\n<h3>3. Cosa include il prezzo del noleggio dello scooter<\/h3>\n<p>Il noleggio base include:<\/p>\n<p>\u2705 Assicurazione <strong data-start=\"1737\" data-end=\"1779\">Responsabilit\u00e0 Civile verso Terzi (RC)<\/strong><br data-start=\"1779\" data-end=\"1782\" \/>\u2705 <strong data-start=\"1784\" data-end=\"1813\">Chilometraggio illimitato<\/strong><br data-start=\"1813\" data-end=\"1816\" \/>\u2705 <strong data-start=\"1818\" data-end=\"1830\">2 caschi<\/strong><br data-start=\"1830\" data-end=\"1833\" \/>\u2705 <strong data-start=\"1835\" data-end=\"1885\">Cuscino posteriore per passeggero sul bauletto<\/strong><br data-start=\"1885\" data-end=\"1888\" \/>\u2705 <strong data-start=\"1890\" data-end=\"1916\">Tutte le tasse incluse<\/strong><br data-start=\"1916\" data-end=\"1919\" \/>\u2705 <strong data-start=\"1921\" data-end=\"1954\">Mappa personalizzata gratuita<\/strong><\/p>\n<h3>4. Carta di credito \/ Deposito<\/h3>\n<p data-start=\"1997\" data-end=\"2090\">Non \u00e8 obbligatorio fornire una carta di credito n\u00e9 un deposito come garanzia per il noleggio.<\/p>\n<h3>5. Politica carburante<\/h3>\n<ul data-start=\"2125\" data-end=\"2302\">\n<li data-start=\"2125\" data-end=\"2193\">\n<p data-start=\"2127\" data-end=\"2193\">Carburante consigliato: <strong data-start=\"2151\" data-end=\"2191\">Benzina senza piombo Super 95 ottani<\/strong><\/p>\n<\/li>\n<li data-start=\"2194\" data-end=\"2302\">\n<p data-start=\"2196\" data-end=\"2302\"><strong data-start=\"2196\" data-end=\"2222\">Politica Full to Full:<\/strong> il veicolo viene consegnato con il pieno e deve essere restituito con il pieno.<\/p>\n<\/li>\n<\/ul>\n<h3>6. Conducenti aggiuntivi<\/h3>\n<p>\u00c8 consentito un <strong data-start=\"2355\" data-end=\"2398\">conducente aggiuntivo senza costi extra<\/strong>.<br data-start=\"2399\" data-end=\"2402\" \/>L\u2019et\u00e0 minima \u00e8 <strong data-start=\"2417\" data-end=\"2428\">24 anni<\/strong> ed \u00e8 richiesta una patente motociclistica valida.<\/p>\n<h3>7. Responsabilit\u00e0 di manutenzione<\/h3>\n<p>Il noleggiante \u00e8 responsabile del controllo del veicolo e deve segnalare immediatamente eventuali danni o necessit\u00e0 di riparazione.<br data-start=\"2655\" data-end=\"2658\" \/>Il cliente pu\u00f2 essere ritenuto responsabile per <strong data-start=\"2706\" data-end=\"2747\">danni meccanici causati da negligenza<\/strong> nella guida o nella manutenzione del veicolo.<\/p>\n<h3>8. Tipologie di scooter<\/h3>\n<p>Ci riserviamo il diritto di sostituire il veicolo prenotato con un altro qualora il modello scelto non sia disponibile.<br data-start=\"2948\" data-end=\"2951\" \/>Pur non potendo garantire lo stesso marchio, assicuriamo un veicolo <strong data-start=\"3019\" data-end=\"3054\">simile o di categoria superiore<\/strong>.<\/p>\n<h3>9. Trasporto su traghetto \/ Viaggi all\u2019estero<\/h3>\n<p data-start=\"3113\" data-end=\"3339\">Il trasporto del veicolo su <strong data-start=\"3141\" data-end=\"3154\">traghetti<\/strong> o l\u2019utilizzo <strong data-start=\"3168\" data-end=\"3209\">al di fuori del territorio consentito<\/strong> \u00e8 <strong data-start=\"3212\" data-end=\"3236\">strettamente vietato<\/strong>.<br data-start=\"3237\" data-end=\"3240\" \/>In caso di violazione delle restrizioni territoriali, <strong data-start=\"3294\" data-end=\"3338\">tutte le coperture assicurative decadono<\/strong>.<\/p>\n<h3>10. Prenotazione e prepagamento<\/h3>\n<p data-start=\"3383\" data-end=\"3594\">Per confermare e garantire il noleggio, \u00e8 richiesto un <strong data-start=\"3438\" data-end=\"3458\">anticipo del 20%<\/strong> dell\u2019importo totale tramite carta di credito o debito.<br data-start=\"3513\" data-end=\"3516\" \/>Il saldo dovr\u00e0 essere pagato <strong data-start=\"3545\" data-end=\"3560\">in contanti<\/strong> alla data di inizio del noleggio.<\/p>\n<h3>11. Cancellazione e rimborsi<\/h3>\n<p data-start=\"3635\" data-end=\"3763\">Per ottenere un <strong data-start=\"3651\" data-end=\"3672\">rimborso completo<\/strong>, la cancellazione deve essere effettuata <strong data-start=\"3714\" data-end=\"3737\">almeno 24 ore prima<\/strong> dell\u2019inizio del noleggio.<\/p>\n<h3>12. Ritiro, riconsegna e penali per ritardo<\/h3>\n<p data-start=\"3819\" data-end=\"3864\"><strong data-start=\"3819\" data-end=\"3849\">Orari di apertura ufficio:<\/strong> 09:00 \u2013 21:00.<\/p>\n<h3>13. Servizio fuori orario<\/h3>\n<p data-start=\"3902\" data-end=\"4027\">Per ritiri e\/o riconsegne fuori orario \u00e8 previsto un <strong data-start=\"3955\" data-end=\"3990\">supplemento di 25 \u20ac IVA inclusa<\/strong>, da pagare presso il banco noleggio.<\/p>\n<p>The after-hours service charge is applicable during the following hours:<\/p>\n<p data-start=\"4029\" data-end=\"4084\">Il servizio fuori orario si applica nei seguenti orari:<\/p>\n<p data-start=\"4087\" data-end=\"4140\"><strong data-start=\"4087\" data-end=\"4117\">Meet &amp; Greet in aeroporto:<\/strong> 21:00 \u2013 08:00 \u2192 25 \u20ac<\/p>\n<p data-start=\"4143\" data-end=\"4178\"><strong data-start=\"4143\" data-end=\"4164\">Presso l\u2019ufficio:<\/strong> 21:00 \u2013 08:00<\/p>\n<h3>14. Assicurazione<\/h3>\n<p data-start=\"4208\" data-end=\"4409\">Il prezzo del noleggio include l\u2019<strong data-start=\"4241\" data-end=\"4298\">Assicurazione Responsabilit\u00e0 Civile verso Terzi (TPL)<\/strong>, conforme alla legge greca, che copre i danni causati a terzi (persone o cose), escluso il veicolo noleggiato.<\/p>\n<h3 data-start=\"4411\" data-end=\"4448\"><strong data-start=\"4415\" data-end=\"4448\">Collision Damage Waiver (CDW)<\/strong><\/h3>\n<p data-start=\"4450\" data-end=\"4634\">L\u2019assicurazione opzionale <strong data-start=\"4476\" data-end=\"4483\">CDW<\/strong> limita la responsabilit\u00e0 del conducente in caso di <strong data-start=\"4535\" data-end=\"4556\">furto o incidente<\/strong>.<br data-start=\"4557\" data-end=\"4560\" \/>Copre <strong data-start=\"4566\" data-end=\"4611\">solo il conducente indicato nel contratto<\/strong> e <strong data-start=\"4614\" data-end=\"4630\">non \u00e8 valida<\/strong> se:<\/p>\n<ul data-start=\"4635\" data-end=\"4736\">\n<li data-start=\"4635\" data-end=\"4681\">\n<p data-start=\"4637\" data-end=\"4681\">il conducente non ha sufficiente esperienza,<\/p>\n<\/li>\n<li data-start=\"4682\" data-end=\"4736\">\n<p data-start=\"4684\" data-end=\"4736\">il veicolo \u00e8 guidato da una persona non autorizzata.<\/p>\n<\/li>\n<\/ul>\n<p data-start=\"4738\" data-end=\"4895\">Non copre <strong data-start=\"4748\" data-end=\"4761\">accessori<\/strong>; eventuali danni o perdite di accessori comportano costi aggiuntivi.<br data-start=\"4830\" data-end=\"4833\" \/><strong data-start=\"4833\" data-end=\"4863\">Costo assicurazione extra:<\/strong> 8 \u20ac al giorno per scooter\/moto.<\/p>\n<p data-start=\"4902\" data-end=\"4947\"><strong data-start=\"4902\" data-end=\"4947\">Danni non coperti da alcuna assicurazione<\/strong><\/p>\n<p data-start=\"4949\" data-end=\"4977\">Nessuna assicurazione copre:<\/p>\n<ul data-start=\"4978\" data-end=\"5341\">\n<li data-start=\"4978\" data-end=\"5007\">Morte o lesioni personali<\/li>\n<li data-start=\"4978\" data-end=\"5007\">Danni causati da negligenza o guida sotto l\u2019effetto di <strong data-start=\"5065\" data-end=\"5083\">alcol o droghe<\/strong><\/li>\n<li data-start=\"4978\" data-end=\"5007\">Danni da guida su <strong data-start=\"5106\" data-end=\"5156\">strade non asfaltate, spiagge sabbiose o acqua<\/strong><\/li>\n<li data-start=\"4978\" data-end=\"5007\">Danni a <strong data-start=\"5169\" data-end=\"5221\">parte inferiore del veicolo, pneumatici e cerchi<\/strong><\/li>\n<li data-start=\"4978\" data-end=\"5007\">Incidenti causati da <strong data-start=\"5247\" data-end=\"5277\">conducenti non autorizzati<\/strong><\/li>\n<li data-start=\"4978\" data-end=\"5007\">Guida senza la <strong data-start=\"5297\" data-end=\"5315\">patente idonea<\/strong> per il veicolo noleggiato<\/li>\n<\/ul>\n<p>Se un conducente non dimostra adeguate capacit\u00e0 di guida, Moto Rent si riserva il diritto di <strong data-start=\"5436\" data-end=\"5471\">annullare l\u2019assicurazione extra<\/strong> il giorno del ritiro, previa comunicazione al cliente.<\/p>\n<h3 data-start=\"5533\" data-end=\"5562\"><strong data-start=\"5537\" data-end=\"5562\">Protezione Furto (TP)<\/strong><\/h3>\n<p data-start=\"5564\" data-end=\"5660\">La <strong data-start=\"5567\" data-end=\"5587\">Protezione Furto<\/strong> \u00e8 inclusa esclusivamente nella CDW.<br data-start=\"5623\" data-end=\"5626\" \/>Per essere valida, sono richiesti:<\/p>\n<ul data-start=\"5661\" data-end=\"5754\">\n<li data-start=\"5661\" data-end=\"5710\">\n<p data-start=\"5663\" data-end=\"5710\"><strong data-start=\"5663\" data-end=\"5710\">Denuncia immediata alle autorit\u00e0 di polizia<\/strong><\/p>\n<\/li>\n<li data-start=\"5711\" data-end=\"5754\">\n<p data-start=\"5713\" data-end=\"5754\"><strong data-start=\"5713\" data-end=\"5754\">Restituzione delle chiavi del veicolo<\/strong><\/p>\n<\/li>\n<\/ul>\n<p data-start=\"5756\" data-end=\"5835\">In assenza delle chiavi, verr\u00e0 addebitato il <strong data-start=\"5801\" data-end=\"5834\">valore di mercato del veicolo<\/strong>.<\/p>\n<h3 data-start=\"5842\" data-end=\"5874\"><strong data-start=\"5846\" data-end=\"5874\">Assicurazione Pneumatici<\/strong><\/h3>\n<p data-start=\"5876\" data-end=\"5973\">\n<p data-start=\"5876\" data-end=\"5973\">Copre danni ai pneumatici causati da urti, scoppi o atti vandalici ed \u00e8 inclusa solo nella CDW.<\/p>\n<ul data-start=\"5974\" data-end=\"6158\">\n<li data-start=\"5974\" data-end=\"6036\">\n<p data-start=\"5976\" data-end=\"6036\">Copertura <strong data-start=\"5986\" data-end=\"6004\">100% dei costi<\/strong> di riparazione o sostituzione<\/p>\n<\/li>\n<li data-start=\"6037\" data-end=\"6082\">\n<p data-start=\"6039\" data-end=\"6082\">Copre <strong data-start=\"6045\" data-end=\"6080\">un solo pneumatico per noleggio<\/strong><\/p>\n<\/li>\n<li data-start=\"6083\" data-end=\"6111\">\n<p data-start=\"6085\" data-end=\"6111\">Non copre il <strong data-start=\"6098\" data-end=\"6109\">cerchio<\/strong><\/p>\n<\/li>\n<li data-start=\"6112\" data-end=\"6158\">\n<p data-start=\"6114\" data-end=\"6158\">La guida fuoristrada \u00e8 vietata e non coperta<\/p>\n<\/li>\n<\/ul>\n<p data-start=\"6160\" data-end=\"6197\"><a href=\"https:\/\/motorentcorfu.com\/it\/\"><strong data-start=\"6160\" data-end=\"6197\">Consulta la Tabella Assicurazioni<\/strong><\/a><\/p>\n<p data-start=\"6204\" data-end=\"6234\"><strong data-start=\"6204\" data-end=\"6234\">Grazie per il tuo feedback<\/strong><\/p>\n<div class=\"flex flex-col text-sm pb-25\">\n<article class=\"text-token-text-primary w-full focus:outline-none [--shadow-height:45px] has-data-writing-block:pointer-events-none has-data-writing-block:-mt-(--shadow-height) has-data-writing-block:pt-(--shadow-height) [&amp;:has([data-writing-block])&gt;*]:pointer-events-auto scroll-mt-[calc(var(--header-height)+min(200px,max(70px,20svh)))]\" dir=\"auto\" tabindex=\"-1\" data-turn-id=\"request-6960d89d-2368-8326-99fe-a7e7b2ccf9c1-12\" data-testid=\"conversation-turn-40\" data-scroll-anchor=\"true\" data-turn=\"assistant\">\n<div class=\"text-base my-auto mx-auto pb-10 [--thread-content-margin:--spacing(4)] @w-sm\/main:[--thread-content-margin:--spacing(6)] @w-lg\/main:[--thread-content-margin:--spacing(16)] px-(--thread-content-margin)\">\n<div class=\"[--thread-content-max-width:40rem] @w-lg\/main:[--thread-content-max-width:48rem] mx-auto max-w-(--thread-content-max-width) flex-1 group\/turn-messages focus-visible:outline-hidden relative flex w-full min-w-0 flex-col agent-turn\" tabindex=\"-1\">\n<div class=\"flex max-w-full flex-col grow\">\n<div class=\"min-h-8 text-message relative flex w-full flex-col items-end gap-2 text-start break-words whitespace-normal [.text-message+&amp;]:mt-1\" dir=\"auto\" data-message-author-role=\"assistant\" data-message-id=\"f494f0eb-eadf-4379-9690-1690c5942ead\" data-message-model-slug=\"gpt-5-2\">\n<div class=\"flex w-full flex-col gap-1 empty:hidden first:pt-[1px]\">\n<div class=\"markdown prose dark:prose-invert w-full break-words dark markdown-new-styling\">\n<p data-start=\"6236\" data-end=\"6505\">Apprezziamo molto il tuo feedback. Se desideri inviarci un commento o segnalarci un problema, contattaci a <strong data-start=\"6343\" data-end=\"6369\"><a class=\"decorated-link cursor-pointer\" rel=\"noopener\" data-start=\"6345\" data-end=\"6367\">info@autorentcorfu.com<\/a><\/strong>.<br data-start=\"6370\" data-end=\"6373\" \/>Le richieste vengono gestite da un team esperto dedicato alle domande standard (escluse questioni relative a danni o assicurazioni).<\/p>\n<p data-start=\"6507\" data-end=\"6659\" data-is-last-node=\"\" data-is-only-node=\"\">Completando la prenotazione, il pagamento e ritirando le chiavi del veicolo, <strong data-start=\"6584\" data-end=\"6632\">accetti integralmente i Termini e Condizioni<\/strong> del Contratto di Noleggio.<\/p>\n<\/div>\n<\/div>\n<\/div>\n<\/div>\n<\/div>\n<\/div>\n<\/article>\n<\/div>\n","protected":false},"excerpt":{"rendered":"<p>1. Requisiti di et\u00e0 e limitazioni Requisiti di et\u00e0 e limitazioni: I conducenti di et\u00e0 compresa tra 18 e 21 anni possono noleggiare un veicolo di Categoria A presso Moto Rent Corfu pagando il Supplemento Giovane Conducente (YDS). Per tutte le altre categorie, l\u2019et\u00e0 minima per il noleggio \u00e8 22 anni. Per i conducenti sotto [&hellip;]<\/p>\n","protected":false},"author":1,"featured_media":0,"parent":0,"menu_order":0,"comment_status":"closed","ping_status":"closed","template":"template-terms.php","meta":{"_acf_changed":false,"inline_featured_image":false,"footnotes":""},"class_list":["post-687","page","type-page","status-publish","hentry"],"acf":[],"_links":{"self":[{"href":"https:\/\/motorentcorfu.com\/it\/wp-json\/wp\/v2\/pages\/687","targetHints":{"allow":["GET"]}}],"collection":[{"href":"https:\/\/motorentcorfu.com\/it\/wp-json\/wp\/v2\/pages"}],"about":[{"href":"https:\/\/motorentcorfu.com\/it\/wp-json\/wp\/v2\/types\/page"}],"author":[{"embeddable":true,"href":"https:\/\/motorentcorfu.com\/it\/wp-json\/wp\/v2\/users\/1"}],"replies":[{"embeddable":true,"href":"https:\/\/motorentcorfu.com\/it\/wp-json\/wp\/v2\/comments?post=687"}],"version-history":[{"count":13,"href":"https:\/\/motorentcorfu.com\/it\/wp-json\/wp\/v2\/pages\/687\/revisions"}],"predecessor-version":[{"id":843,"href":"https:\/\/motorentcorfu.com\/it\/wp-json\/wp\/v2\/pages\/687\/revisions\/843"}],"wp:attachment":[{"href":"https:\/\/motorentcorfu.com\/it\/wp-json\/wp\/v2\/media?parent=687"}],"curies":[{"name":"wp","href":"https:\/\/api.w.org\/{rel}","templated":true}]}}